{"id":355,"date":"2021-10-04T15:52:40","date_gmt":"2021-10-04T18:52:40","guid":{"rendered":"https:\/\/www.minowa.adv.br\/?page_id=355"},"modified":"2021-10-04T15:55:21","modified_gmt":"2021-10-04T18:55:21","slug":"software","status":"publish","type":"page","link":"https:\/\/www.minowa.adv.br\/en\/software\/","title":{"rendered":"Computer Program Copyright"},"content":{"rendered":"<div data-elementor-type=\"wp-page\" data-elementor-id=\"355\" class=\"elementor elementor-355\">\n\t\t\t\t\t\t<section class=\"elementor-section elementor-top-section elementor-element elementor-element-17f71c61 elementor-section-boxed elementor-section-height-default elementor-section-height-default\" data-id=\"17f71c61\" data-element_type=\"section\" data-settings=\"{&quot;background_background&quot;:&quot;classic&quot;}\">\n\t\t\t\t\t\t<div class=\"elementor-container elementor-column-gap-default\">\n\t\t\t\t\t<div class=\"elementor-column elementor-col-50 elementor-top-column elementor-element elementor-element-343f5ed1\" data-id=\"343f5ed1\" data-element_type=\"column\">\n\t\t\t<div class=\"elementor-widget-wrap elementor-element-populated\">\n\t\t\t\t\t\t<div class=\"elementor-element elementor-element-689b604f elementor-widget elementor-widget-heading\" data-id=\"689b604f\" data-element_type=\"widget\" data-widget_type=\"heading.default\">\n\t\t\t\t<div class=\"elementor-widget-container\">\n\t\t\t\t\t<h2 class=\"elementor-heading-title elementor-size-default\">Computer Program Copyright<\/h2>\t\t\t\t<\/div>\n\t\t\t\t<\/div>\n\t\t\t\t\t<\/div>\n\t\t<\/div>\n\t\t\t\t<div class=\"elementor-column elementor-col-50 elementor-top-column elementor-element elementor-element-25e24f55\" data-id=\"25e24f55\" data-element_type=\"column\">\n\t\t\t<div class=\"elementor-widget-wrap elementor-element-populated\">\n\t\t\t\t\t\t\t<\/div>\n\t\t<\/div>\n\t\t\t\t\t<\/div>\n\t\t<\/section>\n\t\t\t\t<section class=\"elementor-section elementor-top-section elementor-element elementor-element-6760249 elementor-section-boxed elementor-section-height-default elementor-section-height-default\" data-id=\"6760249\" data-element_type=\"section\">\n\t\t\t\t\t\t<div class=\"elementor-container elementor-column-gap-default\">\n\t\t\t\t\t<div class=\"elementor-column elementor-col-100 elementor-top-column elementor-element elementor-element-ec98b96\" data-id=\"ec98b96\" data-element_type=\"column\">\n\t\t\t<div class=\"elementor-widget-wrap elementor-element-populated\">\n\t\t\t\t\t\t<div class=\"elementor-element elementor-element-2e88514 elementor-widget elementor-widget-text-editor\" data-id=\"2e88514\" data-element_type=\"widget\" data-widget_type=\"text-editor.default\">\n\t\t\t\t<div class=\"elementor-widget-container\">\n\t\t\t\t\t\t\t\t\t<p>The protection regime for the computer program is that of copyright, applying the same rights granted to literary works. However, the provisions relating to moral rights do not apply, except for the author's right to claim authorship of the computer program and oppose unauthorized alterations, when these imply deformation, mutilation or other modification of the computer program, that harm his\/her honor or reputation.<\/p><p>The registration of the computer program is optional, that is, the protection is independent of the registration. However, the registration certificate grants legal security to the author, especially in case of litigation, as it proves the authorship of the program.<\/p><p>O registro do programa de computador \u00e9 facultativo, ou seja, a prote\u00e7\u00e3o independe do registro. Por\u00e9m, o certificado de registro concede uma seguran\u00e7a jur\u00eddica ao autor, principalmente em caso de lit\u00edgio, pois comprova a autoria do programa.<\/p>\t\t\t\t\t\t\t\t<\/div>\n\t\t\t\t<\/div>\n\t\t\t\t\t<\/div>\n\t\t<\/div>\n\t\t\t\t\t<\/div>\n\t\t<\/section>\n\t\t\t\t<section class=\"elementor-section elementor-top-section elementor-element elementor-element-1330deb elementor-section-boxed elementor-section-height-default elementor-section-height-default\" data-id=\"1330deb\" data-element_type=\"section\">\n\t\t\t\t\t\t<div class=\"elementor-container elementor-column-gap-default\">\n\t\t\t\t\t<div class=\"elementor-column elementor-col-50 elementor-top-column elementor-element elementor-element-a58aef2\" data-id=\"a58aef2\" data-element_type=\"column\">\n\t\t\t<div class=\"elementor-widget-wrap elementor-element-populated\">\n\t\t\t\t\t\t<div class=\"elementor-element elementor-element-d13ad0c elementor-widget elementor-widget-text-editor\" data-id=\"d13ad0c\" data-element_type=\"widget\" data-widget_type=\"text-editor.default\">\n\t\t\t\t<div class=\"elementor-widget-container\">\n\t\t\t\t\t\t\t\t\t<p><strong>LENGTH OF PROTECTION<\/strong><br \/>The protection of rights relating to a computer program is guaranteed for a period of fifty years, from January 1st of the year following its publication or, in the absence thereof, its creation. It is a relatively long period, considering how quickly the computer program becomes obsolete.<\/p><p><strong>TERRITORY OF PROTECTION<\/strong><br \/>The recognition of computer program registration is international, that is, registrations made in Brazil must be accepted in other countries signatories to the agreements established by the Berne Convention and by the provisions of the Agreement on Trade-Related Aspects of Intellectual Property \u2013 TRIPs.<\/p>\t\t\t\t\t\t\t\t<\/div>\n\t\t\t\t<\/div>\n\t\t\t\t\t<\/div>\n\t\t<\/div>\n\t\t\t\t<div class=\"elementor-column elementor-col-50 elementor-top-column elementor-element elementor-element-c2c94f6\" data-id=\"c2c94f6\" data-element_type=\"column\">\n\t\t\t<div class=\"elementor-widget-wrap elementor-element-populated\">\n\t\t\t\t\t\t<div class=\"elementor-element elementor-element-e44555e elementor-widget elementor-widget-text-editor\" data-id=\"e44555e\" data-element_type=\"widget\" data-widget_type=\"text-editor.default\">\n\t\t\t\t<div class=\"elementor-widget-container\">\n\t\t\t\t\t\t\t\t\t<p><strong>COMPUTER PROGRAM COPYRIGHT-RELATED SERVICES COMPRISE:<\/strong>:<\/p><ul type=\"disc\"><li>assistance in the application for computer program registration;<\/li><li>drafting of contracts involving the creation, assignment and license of use of computer programs.<\/li><\/ul>\t\t\t\t\t\t\t\t<\/div>\n\t\t\t\t<\/div>\n\t\t\t\t\t<\/div>\n\t\t<\/div>\n\t\t\t\t\t<\/div>\n\t\t<\/section>\n\t\t\t\t<\/div>","protected":false},"excerpt":{"rendered":"<p>Registro de Software A Lei 9.609\/98 disp\u00f5e sobre a prote\u00e7\u00e3o da propriedade intelectual de programa de computador. O regime de prote\u00e7\u00e3o do programa de computador \u00e9 o do direito autoral, aplicando-se os mesmos direitos conferidos \u00e0s obras liter\u00e1rias. N\u00e3o se aplicam, entretanto, as disposi\u00e7\u00f5es relativas aos direitos morais, exceto o direito do autor de reivindicar &hellip; <\/p>\n<p class=\"link-more\"><a href=\"https:\/\/www.minowa.adv.br\/en\/software\/\" class=\"more-link\">Continue reading<span class=\"screen-reader-text\"> &#8220;Registro de Software&#8221;<\/span><\/a><\/p>","protected":false},"author":1,"featured_media":0,"parent":0,"menu_order":0,"comment_status":"closed","ping_status":"closed","template":"elementor_header_footer","meta":{"footnotes":""},"class_list":["post-355","page","type-page","status-publish","hentry","entry"],"_links":{"self":[{"href":"https:\/\/www.minowa.adv.br\/en\/wp-json\/wp\/v2\/pages\/355","targetHints":{"allow":["GET"]}}],"collection":[{"href":"https:\/\/www.minowa.adv.br\/en\/wp-json\/wp\/v2\/pages"}],"about":[{"href":"https:\/\/www.minowa.adv.br\/en\/wp-json\/wp\/v2\/types\/page"}],"author":[{"embeddable":true,"href":"https:\/\/www.minowa.adv.br\/en\/wp-json\/wp\/v2\/users\/1"}],"replies":[{"embeddable":true,"href":"https:\/\/www.minowa.adv.br\/en\/wp-json\/wp\/v2\/comments?post=355"}],"version-history":[{"count":8,"href":"https:\/\/www.minowa.adv.br\/en\/wp-json\/wp\/v2\/pages\/355\/revisions"}],"predecessor-version":[{"id":363,"href":"https:\/\/www.minowa.adv.br\/en\/wp-json\/wp\/v2\/pages\/355\/revisions\/363"}],"wp:attachment":[{"href":"https:\/\/www.minowa.adv.br\/en\/wp-json\/wp\/v2\/media?parent=355"}],"curies":[{"name":"wp","href":"https:\/\/api.w.org\/{rel}","templated":true}]}}