{"id":262,"date":"2021-09-29T13:55:52","date_gmt":"2021-09-29T16:55:52","guid":{"rendered":"https:\/\/www.minowa.adv.br\/?page_id=262"},"modified":"2021-10-04T10:02:08","modified_gmt":"2021-10-04T13:02:08","slug":"lgpd","status":"publish","type":"page","link":"https:\/\/www.minowa.adv.br\/en\/lgpd\/","title":{"rendered":"Data Privacy and Protection"},"content":{"rendered":"<div data-elementor-type=\"wp-page\" data-elementor-id=\"262\" class=\"elementor elementor-262\">\n\t\t\t\t\t\t<section class=\"elementor-section elementor-top-section elementor-element elementor-element-17f71c61 elementor-section-boxed elementor-section-height-default elementor-section-height-default\" data-id=\"17f71c61\" data-element_type=\"section\" data-settings=\"{&quot;background_background&quot;:&quot;classic&quot;}\">\n\t\t\t\t\t\t<div class=\"elementor-container elementor-column-gap-default\">\n\t\t\t\t\t<div class=\"elementor-column elementor-col-50 elementor-top-column elementor-element elementor-element-343f5ed1\" data-id=\"343f5ed1\" data-element_type=\"column\">\n\t\t\t<div class=\"elementor-widget-wrap elementor-element-populated\">\n\t\t\t\t\t\t<div class=\"elementor-element elementor-element-689b604f elementor-widget elementor-widget-heading\" data-id=\"689b604f\" data-element_type=\"widget\" data-widget_type=\"heading.default\">\n\t\t\t\t<div class=\"elementor-widget-container\">\n\t\t\t\t\t<h2 class=\"elementor-heading-title elementor-size-default\">Data Privacy and Protection\n<\/h2>\t\t\t\t<\/div>\n\t\t\t\t<\/div>\n\t\t\t\t\t<\/div>\n\t\t<\/div>\n\t\t\t\t<div class=\"elementor-column elementor-col-50 elementor-top-column elementor-element elementor-element-25e24f55\" data-id=\"25e24f55\" data-element_type=\"column\">\n\t\t\t<div class=\"elementor-widget-wrap elementor-element-populated\">\n\t\t\t\t\t\t\t<\/div>\n\t\t<\/div>\n\t\t\t\t\t<\/div>\n\t\t<\/section>\n\t\t\t\t<section class=\"elementor-section elementor-top-section elementor-element elementor-element-5e74f66 elementor-section-boxed elementor-section-height-default elementor-section-height-default\" data-id=\"5e74f66\" data-element_type=\"section\">\n\t\t\t\t\t\t<div class=\"elementor-container elementor-column-gap-default\">\n\t\t\t\t\t<div class=\"elementor-column elementor-col-50 elementor-top-column elementor-element elementor-element-83b179d\" data-id=\"83b179d\" data-element_type=\"column\">\n\t\t\t<div class=\"elementor-widget-wrap elementor-element-populated\">\n\t\t\t\t\t\t<div class=\"elementor-element elementor-element-ffe4d30 elementor-widget elementor-widget-text-editor\" data-id=\"ffe4d30\" data-element_type=\"widget\" data-widget_type=\"text-editor.default\">\n\t\t\t\t<div class=\"elementor-widget-container\">\n\t\t\t\t\t\t\t\t\t<p>The General Law for Protection of Personal Data (LGPD) establishes rules for the use, collection, storage and sharing of personal data. This law determines that every citizen must be informed of how the data provided to companies and public agencies will be used, and then expressly agree to the collection of personal data, as well as its use for specific purposes.\n\nCompanies that do not comply with the LGPD are subject to sanctions ranging from a warning, a fine, to the deletion of data under processing.<\/p>\t\t\t\t\t\t\t\t<\/div>\n\t\t\t\t<\/div>\n\t\t\t\t\t<\/div>\n\t\t<\/div>\n\t\t\t\t<div class=\"elementor-column elementor-col-50 elementor-top-column elementor-element elementor-element-6818396\" data-id=\"6818396\" data-element_type=\"column\">\n\t\t\t<div class=\"elementor-widget-wrap elementor-element-populated\">\n\t\t\t\t\t\t<div class=\"elementor-element elementor-element-00f0585 elementor-widget elementor-widget-text-editor\" data-id=\"00f0585\" data-element_type=\"widget\" data-widget_type=\"text-editor.default\">\n\t\t\t\t<div class=\"elementor-widget-container\">\n\t\t\t\t\t\t\t\t\t<p><strong>DATA PRIVACY AND PROTECTION RELATED SERVICES COMPRISE:\u00a0<\/strong><\/p><ul><li>implementation of Projects for Adaptation to the LGPD;<\/li><li>drafting and review of legal instruments and documents to adapt to the LGPD;\u00a0<\/li><li>drafting of an institutional privacy and data protection policy;<\/li><li>training of employees and suppliers on data privacy and personal protection policies.<\/li><\/ul>\t\t\t\t\t\t\t\t<\/div>\n\t\t\t\t<\/div>\n\t\t\t\t\t<\/div>\n\t\t<\/div>\n\t\t\t\t\t<\/div>\n\t\t<\/section>\n\t\t\t\t<\/div>","protected":false},"excerpt":{"rendered":"<p>Privacidade e Prote\u00e7\u00e3o de Dados Pessoais A Lei Geral de Prote\u00e7\u00e3o de Dados Pessoais (LGPD) estabelece regras para o uso, coleta, armazenamento e compartilhamento de dados pessoais. Esta lei determina que todo cidad\u00e3o precisa ser informado de como os dados fornecidos a empresas e \u00f3rg\u00e3os p\u00fablicos ser\u00e3o usados, e ent\u00e3o concordar expressamente com a obten\u00e7\u00e3o &hellip; <\/p>\n<p class=\"link-more\"><a href=\"https:\/\/www.minowa.adv.br\/en\/lgpd\/\" class=\"more-link\">Continue reading<span class=\"screen-reader-text\"> &#8220;Privacidade e Prote\u00e7\u00e3o de Dados Pessoais&#8221;<\/span><\/a><\/p>","protected":false},"author":1,"featured_media":0,"parent":0,"menu_order":0,"comment_status":"closed","ping_status":"closed","template":"elementor_header_footer","meta":{"footnotes":""},"class_list":["post-262","page","type-page","status-publish","hentry","entry"],"_links":{"self":[{"href":"https:\/\/www.minowa.adv.br\/en\/wp-json\/wp\/v2\/pages\/262","targetHints":{"allow":["GET"]}}],"collection":[{"href":"https:\/\/www.minowa.adv.br\/en\/wp-json\/wp\/v2\/pages"}],"about":[{"href":"https:\/\/www.minowa.adv.br\/en\/wp-json\/wp\/v2\/types\/page"}],"author":[{"embeddable":true,"href":"https:\/\/www.minowa.adv.br\/en\/wp-json\/wp\/v2\/users\/1"}],"replies":[{"embeddable":true,"href":"https:\/\/www.minowa.adv.br\/en\/wp-json\/wp\/v2\/comments?post=262"}],"version-history":[{"count":10,"href":"https:\/\/www.minowa.adv.br\/en\/wp-json\/wp\/v2\/pages\/262\/revisions"}],"predecessor-version":[{"id":354,"href":"https:\/\/www.minowa.adv.br\/en\/wp-json\/wp\/v2\/pages\/262\/revisions\/354"}],"wp:attachment":[{"href":"https:\/\/www.minowa.adv.br\/en\/wp-json\/wp\/v2\/media?parent=262"}],"curies":[{"name":"wp","href":"https:\/\/api.w.org\/{rel}","templated":true}]}}