{"id":252,"date":"2021-09-29T13:53:04","date_gmt":"2021-09-29T16:53:04","guid":{"rendered":"https:\/\/www.minowa.adv.br\/?page_id=252"},"modified":"2021-10-04T09:59:08","modified_gmt":"2021-10-04T12:59:08","slug":"direitos-autorais","status":"publish","type":"page","link":"https:\/\/www.minowa.adv.br\/en\/direitos-autorais\/","title":{"rendered":"Copyright"},"content":{"rendered":"<div data-elementor-type=\"wp-page\" data-elementor-id=\"252\" class=\"elementor elementor-252\">\n\t\t\t\t\t\t<section class=\"elementor-section elementor-top-section elementor-element elementor-element-17f71c61 elementor-section-boxed elementor-section-height-default elementor-section-height-default\" data-id=\"17f71c61\" data-element_type=\"section\" data-settings=\"{&quot;background_background&quot;:&quot;classic&quot;}\">\n\t\t\t\t\t\t<div class=\"elementor-container elementor-column-gap-default\">\n\t\t\t\t\t<div class=\"elementor-column elementor-col-50 elementor-top-column elementor-element elementor-element-343f5ed1\" data-id=\"343f5ed1\" data-element_type=\"column\">\n\t\t\t<div class=\"elementor-widget-wrap elementor-element-populated\">\n\t\t\t\t\t\t<div class=\"elementor-element elementor-element-689b604f elementor-widget elementor-widget-heading\" data-id=\"689b604f\" data-element_type=\"widget\" data-widget_type=\"heading.default\">\n\t\t\t\t<div class=\"elementor-widget-container\">\n\t\t\t\t\t<h2 class=\"elementor-heading-title elementor-size-default\">Copyright\n<\/h2>\t\t\t\t<\/div>\n\t\t\t\t<\/div>\n\t\t\t\t\t<\/div>\n\t\t<\/div>\n\t\t\t\t<div class=\"elementor-column elementor-col-50 elementor-top-column elementor-element elementor-element-25e24f55\" data-id=\"25e24f55\" data-element_type=\"column\">\n\t\t\t<div class=\"elementor-widget-wrap elementor-element-populated\">\n\t\t\t\t\t\t\t<\/div>\n\t\t<\/div>\n\t\t\t\t\t<\/div>\n\t\t<\/section>\n\t\t\t\t<section class=\"elementor-section elementor-top-section elementor-element elementor-element-6760249 elementor-section-boxed elementor-section-height-default elementor-section-height-default\" data-id=\"6760249\" data-element_type=\"section\">\n\t\t\t\t\t\t<div class=\"elementor-container elementor-column-gap-default\">\n\t\t\t\t\t<div class=\"elementor-column elementor-col-100 elementor-top-column elementor-element elementor-element-ec98b96\" data-id=\"ec98b96\" data-element_type=\"column\">\n\t\t\t<div class=\"elementor-widget-wrap elementor-element-populated\">\n\t\t\t\t\t\t<div class=\"elementor-element elementor-element-2e88514 elementor-widget elementor-widget-text-editor\" data-id=\"2e88514\" data-element_type=\"widget\" data-widget_type=\"text-editor.default\">\n\t\t\t\t<div class=\"elementor-widget-container\">\n\t\t\t\t\t\t\t\t\t<p>Copyright is related to the protection of the creations of the human intellect, expressed by any means or fixed in any support, tangible or intangible, such as scientific, artistic and literary works, musical compositions, audiovisual works, paintings, sculptures, architectural projects and engineering, among others. In addition, copyright provides protection to artists who perform or perform artistic, literary works or expressions of folklore.\n\nThe computer program is also protected by copyright, and its protection and sale in the country are dealt with in specific legislation.<\/p>\t\t\t\t\t\t\t\t<\/div>\n\t\t\t\t<\/div>\n\t\t\t\t\t<\/div>\n\t\t<\/div>\n\t\t\t\t\t<\/div>\n\t\t<\/section>\n\t\t\t\t<section class=\"elementor-section elementor-top-section elementor-element elementor-element-5e74f66 elementor-section-boxed elementor-section-height-default elementor-section-height-default\" data-id=\"5e74f66\" data-element_type=\"section\">\n\t\t\t\t\t\t<div class=\"elementor-container elementor-column-gap-default\">\n\t\t\t\t\t<div class=\"elementor-column elementor-col-50 elementor-top-column elementor-element elementor-element-83b179d\" data-id=\"83b179d\" data-element_type=\"column\">\n\t\t\t<div class=\"elementor-widget-wrap elementor-element-populated\">\n\t\t\t\t\t\t<div class=\"elementor-element elementor-element-ffe4d30 elementor-widget elementor-widget-text-editor\" data-id=\"ffe4d30\" data-element_type=\"widget\" data-widget_type=\"text-editor.default\">\n\t\t\t\t<div class=\"elementor-widget-container\">\n\t\t\t\t\t\t\t\t\t<p><strong>LENGTH OF PROTECTION<\/strong><\/p><p>Copyrights last for seventy years from January 1 of the year following his\/her death, in compliance with the succession order of civil law.<\/p><p>As for audiovisual and photographic works, the term of copyright protection will be seventy years, as of January 1 of the year following their disclosure.<\/p><p>After the protection period, the work will go into the public domain.<\/p><p><strong>TERRITORY OF PROTECTION<\/strong><\/p><p>The principle of reciprocity of treatment guarantees authors, nationals or persons domiciled in a country that guarantees Brazilians or persons domiciled in Brazil reciprocity in the protection of rights.<\/p>\t\t\t\t\t\t\t\t<\/div>\n\t\t\t\t<\/div>\n\t\t\t\t\t<\/div>\n\t\t<\/div>\n\t\t\t\t<div class=\"elementor-column elementor-col-50 elementor-top-column elementor-element elementor-element-6818396\" data-id=\"6818396\" data-element_type=\"column\">\n\t\t\t<div class=\"elementor-widget-wrap elementor-element-populated\">\n\t\t\t\t\t\t<div class=\"elementor-element elementor-element-00f0585 elementor-widget elementor-widget-text-editor\" data-id=\"00f0585\" data-element_type=\"widget\" data-widget_type=\"text-editor.default\">\n\t\t\t\t<div class=\"elementor-widget-container\">\n\t\t\t\t\t\t\t\t\t<p><strong>COPYRIGHTS RELATED SERVICES COMPRISE:<\/strong><\/p><ul type=\"disc\"><li>guidance on the type of works and forms of copyright protection;<\/li><li>registration of copyright of literary, artistic and scientific works (photographs, images, illustrations, musical compositions, videos, etc.) in relevant entities;<\/li><li>guidance on the permitted use of third-party intellectual Works;<\/li><li>drafting of contracts involving the copyright assignment and license.<\/li><\/ul>\t\t\t\t\t\t\t\t<\/div>\n\t\t\t\t<\/div>\n\t\t\t\t\t<\/div>\n\t\t<\/div>\n\t\t\t\t\t<\/div>\n\t\t<\/section>\n\t\t\t\t<\/div>","protected":false},"excerpt":{"rendered":"<p>Direitos Autorais O Direito Autoral est\u00e1 relacionado \u00e0 prote\u00e7\u00e3o das cria\u00e7\u00f5es do intelecto humano, expressas por qualquer meio ou fixadas em qualquer suporte, tang\u00edvel ou intang\u00edvel tais como as obras cientificas, art\u00edsticas e liter\u00e1rias, composi\u00e7\u00f5es musicais, obras audiovisuais, pinturas, esculturas, projetos arquitet\u00f4nicos e de engenharia, entre outras. Al\u00e9m disso, o direito de autor confere prote\u00e7\u00e3o &hellip; <\/p>\n<p class=\"link-more\"><a href=\"https:\/\/www.minowa.adv.br\/en\/direitos-autorais\/\" class=\"more-link\">Continue reading<span class=\"screen-reader-text\"> &#8220;Direitos Autorais&#8221;<\/span><\/a><\/p>","protected":false},"author":1,"featured_media":0,"parent":0,"menu_order":0,"comment_status":"closed","ping_status":"closed","template":"elementor_header_footer","meta":{"footnotes":""},"class_list":["post-252","page","type-page","status-publish","hentry","entry"],"_links":{"self":[{"href":"https:\/\/www.minowa.adv.br\/en\/wp-json\/wp\/v2\/pages\/252","targetHints":{"allow":["GET"]}}],"collection":[{"href":"https:\/\/www.minowa.adv.br\/en\/wp-json\/wp\/v2\/pages"}],"about":[{"href":"https:\/\/www.minowa.adv.br\/en\/wp-json\/wp\/v2\/types\/page"}],"author":[{"embeddable":true,"href":"https:\/\/www.minowa.adv.br\/en\/wp-json\/wp\/v2\/users\/1"}],"replies":[{"embeddable":true,"href":"https:\/\/www.minowa.adv.br\/en\/wp-json\/wp\/v2\/comments?post=252"}],"version-history":[{"count":10,"href":"https:\/\/www.minowa.adv.br\/en\/wp-json\/wp\/v2\/pages\/252\/revisions"}],"predecessor-version":[{"id":343,"href":"https:\/\/www.minowa.adv.br\/en\/wp-json\/wp\/v2\/pages\/252\/revisions\/343"}],"wp:attachment":[{"href":"https:\/\/www.minowa.adv.br\/en\/wp-json\/wp\/v2\/media?parent=252"}],"curies":[{"name":"wp","href":"https:\/\/api.w.org\/{rel}","templated":true}]}}