{"id":247,"date":"2021-09-29T13:51:42","date_gmt":"2021-09-29T16:51:42","guid":{"rendered":"https:\/\/www.minowa.adv.br\/?page_id=247"},"modified":"2021-09-29T13:52:47","modified_gmt":"2021-09-29T16:52:47","slug":"geograficas","status":"publish","type":"page","link":"https:\/\/www.minowa.adv.br\/en\/geograficas\/","title":{"rendered":"Geographical Indication"},"content":{"rendered":"<div data-elementor-type=\"wp-page\" data-elementor-id=\"247\" class=\"elementor elementor-247\">\n\t\t\t\t\t\t<section class=\"elementor-section elementor-top-section elementor-element elementor-element-17f71c61 elementor-section-boxed elementor-section-height-default elementor-section-height-default\" data-id=\"17f71c61\" data-element_type=\"section\" data-settings=\"{&quot;background_background&quot;:&quot;classic&quot;}\">\n\t\t\t\t\t\t<div class=\"elementor-container elementor-column-gap-default\">\n\t\t\t\t\t<div class=\"elementor-column elementor-col-50 elementor-top-column elementor-element elementor-element-343f5ed1\" data-id=\"343f5ed1\" data-element_type=\"column\">\n\t\t\t<div class=\"elementor-widget-wrap elementor-element-populated\">\n\t\t\t\t\t\t<div class=\"elementor-element elementor-element-689b604f elementor-widget elementor-widget-heading\" data-id=\"689b604f\" data-element_type=\"widget\" data-widget_type=\"heading.default\">\n\t\t\t\t<div class=\"elementor-widget-container\">\n\t\t\t\t\t<h2 class=\"elementor-heading-title elementor-size-default\">Geographical Indication\n<\/h2>\t\t\t\t<\/div>\n\t\t\t\t<\/div>\n\t\t\t\t\t<\/div>\n\t\t<\/div>\n\t\t\t\t<div class=\"elementor-column elementor-col-50 elementor-top-column elementor-element elementor-element-25e24f55\" data-id=\"25e24f55\" data-element_type=\"column\">\n\t\t\t<div class=\"elementor-widget-wrap elementor-element-populated\">\n\t\t\t\t\t\t\t<\/div>\n\t\t<\/div>\n\t\t\t\t\t<\/div>\n\t\t<\/section>\n\t\t\t\t<section class=\"elementor-section elementor-top-section elementor-element elementor-element-6760249 elementor-section-boxed elementor-section-height-default elementor-section-height-default\" data-id=\"6760249\" data-element_type=\"section\">\n\t\t\t\t\t\t<div class=\"elementor-container elementor-column-gap-default\">\n\t\t\t\t\t<div class=\"elementor-column elementor-col-100 elementor-top-column elementor-element elementor-element-ec98b96\" data-id=\"ec98b96\" data-element_type=\"column\">\n\t\t\t<div class=\"elementor-widget-wrap elementor-element-populated\">\n\t\t\t\t\t\t<div class=\"elementor-element elementor-element-2e88514 elementor-widget elementor-widget-text-editor\" data-id=\"2e88514\" data-element_type=\"widget\" data-widget_type=\"text-editor.default\">\n\t\t\t\t<div class=\"elementor-widget-container\">\n\t\t\t\t\t\t\t\t\t<p>Geographical indication is the way of identifying a product or service as originating in a certain region due to its reputation, characteristic and\/or quality. It is a guarantee as to the origin of a product, its qualities and regional characteristics.\u00a0<\/p><p>The geographical indication types are: indication of origin or designation of origin.\u00a0<\/p><p>An indication of origin is the geographic name of a country, city, region or locality in its territory, which has become known as a center of extraction, production or manufacture of a given product or provision of a given service.<\/p><p>Designation of origin is the geographical name of a country, city, region or locality in its territory, which designates a product or service whose qualities or characteristics are due exclusively or essentially to the geographical environment, including natural and human factors.<\/p>\t\t\t\t\t\t\t\t<\/div>\n\t\t\t\t<\/div>\n\t\t\t\t\t<\/div>\n\t\t<\/div>\n\t\t\t\t\t<\/div>\n\t\t<\/section>\n\t\t\t\t<\/div>","protected":false},"excerpt":{"rendered":"<p>Indica\u00e7\u00f5es Geogr\u00e1ficas Indica\u00e7\u00e3o geogr\u00e1fica \u00e9 a forma de identifica\u00e7\u00e3o de um produto ou servi\u00e7o como origin\u00e1rio de determinada regi\u00e3o em decorr\u00eancia de sua reputa\u00e7\u00e3o, caracter\u00edstica e\/ou qualidade. \u00c9 uma garantia quanto a origem de um produto, suas qualidades e caracter\u00edsticas regionais.\u00a0 As esp\u00e9cies de indica\u00e7\u00e3o geogr\u00e1fica s\u00e3o: indica\u00e7\u00e3o de proced\u00eancia ou denomina\u00e7\u00e3o de origem.\u00a0 Considera-se &hellip; <\/p>\n<p class=\"link-more\"><a href=\"https:\/\/www.minowa.adv.br\/en\/geograficas\/\" class=\"more-link\">Continue reading<span class=\"screen-reader-text\"> &#8220;Indica\u00e7\u00f5es Geogr\u00e1ficas&#8221;<\/span><\/a><\/p>","protected":false},"author":1,"featured_media":0,"parent":0,"menu_order":0,"comment_status":"closed","ping_status":"closed","template":"elementor_header_footer","meta":{"footnotes":""},"class_list":["post-247","page","type-page","status-publish","hentry","entry"],"_links":{"self":[{"href":"https:\/\/www.minowa.adv.br\/en\/wp-json\/wp\/v2\/pages\/247","targetHints":{"allow":["GET"]}}],"collection":[{"href":"https:\/\/www.minowa.adv.br\/en\/wp-json\/wp\/v2\/pages"}],"about":[{"href":"https:\/\/www.minowa.adv.br\/en\/wp-json\/wp\/v2\/types\/page"}],"author":[{"embeddable":true,"href":"https:\/\/www.minowa.adv.br\/en\/wp-json\/wp\/v2\/users\/1"}],"replies":[{"embeddable":true,"href":"https:\/\/www.minowa.adv.br\/en\/wp-json\/wp\/v2\/comments?post=247"}],"version-history":[{"count":4,"href":"https:\/\/www.minowa.adv.br\/en\/wp-json\/wp\/v2\/pages\/247\/revisions"}],"predecessor-version":[{"id":251,"href":"https:\/\/www.minowa.adv.br\/en\/wp-json\/wp\/v2\/pages\/247\/revisions\/251"}],"wp:attachment":[{"href":"https:\/\/www.minowa.adv.br\/en\/wp-json\/wp\/v2\/media?parent=247"}],"curies":[{"name":"wp","href":"https:\/\/api.w.org\/{rel}","templated":true}]}}