{"id":232,"date":"2021-09-29T13:46:23","date_gmt":"2021-09-29T16:46:23","guid":{"rendered":"https:\/\/www.minowa.adv.br\/?page_id=232"},"modified":"2021-09-29T13:48:40","modified_gmt":"2021-09-29T16:48:40","slug":"patentes","status":"publish","type":"page","link":"https:\/\/www.minowa.adv.br\/en\/patentes\/","title":{"rendered":"Patent"},"content":{"rendered":"<div data-elementor-type=\"wp-page\" data-elementor-id=\"232\" class=\"elementor elementor-232\">\n\t\t\t\t\t\t<section class=\"elementor-section elementor-top-section elementor-element elementor-element-17f71c61 elementor-section-boxed elementor-section-height-default elementor-section-height-default\" data-id=\"17f71c61\" data-element_type=\"section\" data-settings=\"{&quot;background_background&quot;:&quot;classic&quot;}\">\n\t\t\t\t\t\t<div class=\"elementor-container elementor-column-gap-default\">\n\t\t\t\t\t<div class=\"elementor-column elementor-col-50 elementor-top-column elementor-element elementor-element-343f5ed1\" data-id=\"343f5ed1\" data-element_type=\"column\">\n\t\t\t<div class=\"elementor-widget-wrap elementor-element-populated\">\n\t\t\t\t\t\t<div class=\"elementor-element elementor-element-689b604f elementor-widget elementor-widget-heading\" data-id=\"689b604f\" data-element_type=\"widget\" data-widget_type=\"heading.default\">\n\t\t\t\t<div class=\"elementor-widget-container\">\n\t\t\t\t\t<h2 class=\"elementor-heading-title elementor-size-default\">Patent<\/h2>\t\t\t\t<\/div>\n\t\t\t\t<\/div>\n\t\t\t\t\t<\/div>\n\t\t<\/div>\n\t\t\t\t<div class=\"elementor-column elementor-col-50 elementor-top-column elementor-element elementor-element-25e24f55\" data-id=\"25e24f55\" data-element_type=\"column\">\n\t\t\t<div class=\"elementor-widget-wrap elementor-element-populated\">\n\t\t\t\t\t\t\t<\/div>\n\t\t<\/div>\n\t\t\t\t\t<\/div>\n\t\t<\/section>\n\t\t\t\t<section class=\"elementor-section elementor-top-section elementor-element elementor-element-6760249 elementor-section-boxed elementor-section-height-default elementor-section-height-default\" data-id=\"6760249\" data-element_type=\"section\">\n\t\t\t\t\t\t<div class=\"elementor-container elementor-column-gap-default\">\n\t\t\t\t\t<div class=\"elementor-column elementor-col-100 elementor-top-column elementor-element elementor-element-ec98b96\" data-id=\"ec98b96\" data-element_type=\"column\">\n\t\t\t<div class=\"elementor-widget-wrap elementor-element-populated\">\n\t\t\t\t\t\t<div class=\"elementor-element elementor-element-2e88514 elementor-widget elementor-widget-text-editor\" data-id=\"2e88514\" data-element_type=\"widget\" data-widget_type=\"text-editor.default\">\n\t\t\t\t<div class=\"elementor-widget-container\">\n\t\t\t\t\t\t\t\t\t<p>A patent is a temporary title granted by the State, which gives its holder (individual or legal entity) exclusivity over an invention and the right to prevent third parties from producing, offering for sale, using, importing a product or process subject matter of the patent, without its consent.<\/p><p>In Brazil, the patent application must be filed with the National Institute of Industrial Property (INPI), a federal agency linked to the Ministry of Development, Industry and Foreign Trade, which will examine the patent application based on the provisions of Industrial Property Law No. 9279, of May 14, 1996.<\/p>\t\t\t\t\t\t\t\t<\/div>\n\t\t\t\t<\/div>\n\t\t\t\t\t<\/div>\n\t\t<\/div>\n\t\t\t\t\t<\/div>\n\t\t<\/section>\n\t\t\t\t<section class=\"elementor-section elementor-top-section elementor-element elementor-element-5e74f66 elementor-section-boxed elementor-section-height-default elementor-section-height-default\" data-id=\"5e74f66\" data-element_type=\"section\">\n\t\t\t\t\t\t<div class=\"elementor-container elementor-column-gap-default\">\n\t\t\t\t\t<div class=\"elementor-column elementor-col-50 elementor-top-column elementor-element elementor-element-83b179d\" data-id=\"83b179d\" data-element_type=\"column\">\n\t\t\t<div class=\"elementor-widget-wrap elementor-element-populated\">\n\t\t\t\t\t\t<div class=\"elementor-element elementor-element-ffe4d30 elementor-widget elementor-widget-text-editor\" data-id=\"ffe4d30\" data-element_type=\"widget\" data-widget_type=\"text-editor.default\">\n\t\t\t\t<div class=\"elementor-widget-container\">\n\t\t\t\t\t\t\t\t\t<p><strong>LENGTH OF PROTECTION<\/strong><\/p><p>The patent for invention will be valid for a period of 20 (twenty) years and the patent for a utility model for a period of 15 (fifteen) years from the date of filing.<br \/>O prazo de vig\u00eancia n\u00e3o ser\u00e1 inferior a 10 (dez) anos para a patente de inven\u00e7\u00e3o e a 7 (sete) anos para a patente de modelo de utilidade, a contar da data de concess\u00e3o, ressalvada a hip\u00f3tese de o INPI estar impedido de proceder ao exame de m\u00e9rito do pedido, por pend\u00eancia judicial comprovada ou por motivo de for\u00e7a maior.\u00a0<\/p><p><strong>TERRITORY OF PROTECTION\u00a0<\/strong><\/p><p>According to the Principle of Territoriality, enshrined by the CUP \u2013 Convention of the Union of Paris, the patent is valid only within the territorial limits of the country that grants the protection.\u00a0<\/p>\t\t\t\t\t\t\t\t<\/div>\n\t\t\t\t<\/div>\n\t\t\t\t\t<\/div>\n\t\t<\/div>\n\t\t\t\t<div class=\"elementor-column elementor-col-50 elementor-top-column elementor-element elementor-element-6818396\" data-id=\"6818396\" data-element_type=\"column\">\n\t\t\t<div class=\"elementor-widget-wrap elementor-element-populated\">\n\t\t\t\t\t\t<div class=\"elementor-element elementor-element-00f0585 elementor-widget elementor-widget-text-editor\" data-id=\"00f0585\" data-element_type=\"widget\" data-widget_type=\"text-editor.default\">\n\t\t\t\t<div class=\"elementor-widget-container\">\n\t\t\t\t\t\t\t\t\t<p><strong>PATENT RELATED SERVICES COMPRISE:<\/strong><\/p><ul><li>patentability analysis;<\/li><li>writing of the patent document;<\/li><li>filing and follow-up of application processing;<\/li><li>national and international patent portfolio management;<\/li><li>analysis on the freedom of commercial exploitation of a product or process;<\/li><li>courses and lectures on patents;<\/li><li>drafting of contracts involving the assignment and licensing of patents.<\/li><\/ul>\t\t\t\t\t\t\t\t<\/div>\n\t\t\t\t<\/div>\n\t\t\t\t\t<\/div>\n\t\t<\/div>\n\t\t\t\t\t<\/div>\n\t\t<\/section>\n\t\t\t\t<\/div>","protected":false},"excerpt":{"rendered":"<p>Patentes Patente \u00e9 um t\u00edtulo tempor\u00e1rio concedido pelo Estado, que d\u00e1 ao seu titular (pessoa f\u00edsica ou jur\u00eddica) a exclusividade sobre uma inven\u00e7\u00e3o e direito de impedir terceiros de produzir, colocar \u00e0 venda, usar, importar produto ou processo objeto da patente, sem o seu consentimento. No Brasil, o pedido de concess\u00e3o de patente deve ser &hellip; <\/p>\n<p class=\"link-more\"><a href=\"https:\/\/www.minowa.adv.br\/en\/patentes\/\" class=\"more-link\">Continue reading<span class=\"screen-reader-text\"> &#8220;Patentes&#8221;<\/span><\/a><\/p>","protected":false},"author":1,"featured_media":0,"parent":0,"menu_order":0,"comment_status":"closed","ping_status":"closed","template":"elementor_header_footer","meta":{"footnotes":""},"class_list":["post-232","page","type-page","status-publish","hentry","entry"],"_links":{"self":[{"href":"https:\/\/www.minowa.adv.br\/en\/wp-json\/wp\/v2\/pages\/232","targetHints":{"allow":["GET"]}}],"collection":[{"href":"https:\/\/www.minowa.adv.br\/en\/wp-json\/wp\/v2\/pages"}],"about":[{"href":"https:\/\/www.minowa.adv.br\/en\/wp-json\/wp\/v2\/types\/page"}],"author":[{"embeddable":true,"href":"https:\/\/www.minowa.adv.br\/en\/wp-json\/wp\/v2\/users\/1"}],"replies":[{"embeddable":true,"href":"https:\/\/www.minowa.adv.br\/en\/wp-json\/wp\/v2\/comments?post=232"}],"version-history":[{"count":4,"href":"https:\/\/www.minowa.adv.br\/en\/wp-json\/wp\/v2\/pages\/232\/revisions"}],"predecessor-version":[{"id":236,"href":"https:\/\/www.minowa.adv.br\/en\/wp-json\/wp\/v2\/pages\/232\/revisions\/236"}],"wp:attachment":[{"href":"https:\/\/www.minowa.adv.br\/en\/wp-json\/wp\/v2\/media?parent=232"}],"curies":[{"name":"wp","href":"https:\/\/api.w.org\/{rel}","templated":true}]}}