{"id":190,"date":"2021-09-29T11:12:25","date_gmt":"2021-09-29T14:12:25","guid":{"rendered":"https:\/\/www.minowa.adv.br\/?page_id=190"},"modified":"2021-09-29T11:17:20","modified_gmt":"2021-09-29T14:17:20","slug":"cris","status":"publish","type":"page","link":"https:\/\/www.minowa.adv.br\/en\/cris\/","title":{"rendered":"Cris"},"content":{"rendered":"<div data-elementor-type=\"wp-page\" data-elementor-id=\"190\" class=\"elementor elementor-190\">\n\t\t\t\t\t\t<section class=\"elementor-section elementor-top-section elementor-element elementor-element-17f71c61 elementor-section-boxed elementor-section-height-default elementor-section-height-default\" data-id=\"17f71c61\" data-element_type=\"section\" data-settings=\"{&quot;background_background&quot;:&quot;classic&quot;}\">\n\t\t\t\t\t\t<div class=\"elementor-container elementor-column-gap-default\">\n\t\t\t\t\t<div class=\"elementor-column elementor-col-50 elementor-top-column elementor-element elementor-element-343f5ed1\" data-id=\"343f5ed1\" data-element_type=\"column\">\n\t\t\t<div class=\"elementor-widget-wrap elementor-element-populated\">\n\t\t\t\t\t\t<div class=\"elementor-element elementor-element-689b604f elementor-widget elementor-widget-heading\" data-id=\"689b604f\" data-element_type=\"widget\" data-widget_type=\"heading.default\">\n\t\t\t\t<div class=\"elementor-widget-container\">\n\t\t\t\t\t<h2 class=\"elementor-heading-title elementor-size-default\">Cristiane Minowa<\/h2>\t\t\t\t<\/div>\n\t\t\t\t<\/div>\n\t\t\t\t\t<\/div>\n\t\t<\/div>\n\t\t\t\t<div class=\"elementor-column elementor-col-50 elementor-top-column elementor-element elementor-element-25e24f55\" data-id=\"25e24f55\" data-element_type=\"column\">\n\t\t\t<div class=\"elementor-widget-wrap elementor-element-populated\">\n\t\t\t\t\t\t\t<\/div>\n\t\t<\/div>\n\t\t\t\t\t<\/div>\n\t\t<\/section>\n\t\t\t\t<section class=\"elementor-section elementor-top-section elementor-element elementor-element-6760249 elementor-section-boxed elementor-section-height-default elementor-section-height-default\" data-id=\"6760249\" data-element_type=\"section\">\n\t\t\t\t\t\t<div class=\"elementor-container elementor-column-gap-default\">\n\t\t\t\t\t<div class=\"elementor-column elementor-col-100 elementor-top-column elementor-element elementor-element-ec98b96\" data-id=\"ec98b96\" data-element_type=\"column\">\n\t\t\t<div class=\"elementor-widget-wrap elementor-element-populated\">\n\t\t\t\t\t\t<div class=\"elementor-element elementor-element-2e88514 elementor-widget elementor-widget-text-editor\" data-id=\"2e88514\" data-element_type=\"widget\" data-widget_type=\"text-editor.default\">\n\t\t\t\t<div class=\"elementor-widget-container\">\n\t\t\t\t\t\t\t\t\t<p>Bachelor of Law from UEL \u2013 State University of Londrina. Master\u2019s degree in Business Law from UEL, defending thesis \u201cSocial Function of Technology Transfer Contracts\u201d. Coordinated the UEL Intellectual Property Office and performed as director of the UEL Business Incubator. Experienced in intellectual property and technology transfer.<\/p><p>e-mail: cristianeminowa@minowa.adv.br<\/p>\t\t\t\t\t\t\t\t<\/div>\n\t\t\t\t<\/div>\n\t\t\t\t\t<\/div>\n\t\t<\/div>\n\t\t\t\t\t<\/div>\n\t\t<\/section>\n\t\t\t\t<\/div>","protected":false},"excerpt":{"rendered":"<p>Cristiane Minowa Graduada em Direito pela UEL \u2013 Universidade Estadual de Londrina. Mestre em Direito Negocial pela UEL com tema de disserta\u00e7\u00e3o \u201cFun\u00e7\u00e3o Social dos Contratos de Transfer\u00eancia de Tecnologia\u201d. Coordenou Escrit\u00f3rio de Propriedade Intelectual da UEL e foi diretora da Incubadora de Empresas da UEL. Tem experi\u00eancia em propriedade intelectual e transfer\u00eancia de tecnologia. &hellip; <\/p>\n<p class=\"link-more\"><a href=\"https:\/\/www.minowa.adv.br\/en\/cris\/\" class=\"more-link\">Continue reading<span class=\"screen-reader-text\"> &#8220;Cris&#8221;<\/span><\/a><\/p>","protected":false},"author":1,"featured_media":0,"parent":0,"menu_order":0,"comment_status":"closed","ping_status":"closed","template":"elementor_header_footer","meta":{"footnotes":""},"class_list":["post-190","page","type-page","status-publish","hentry","entry"],"_links":{"self":[{"href":"https:\/\/www.minowa.adv.br\/en\/wp-json\/wp\/v2\/pages\/190","targetHints":{"allow":["GET"]}}],"collection":[{"href":"https:\/\/www.minowa.adv.br\/en\/wp-json\/wp\/v2\/pages"}],"about":[{"href":"https:\/\/www.minowa.adv.br\/en\/wp-json\/wp\/v2\/types\/page"}],"author":[{"embeddable":true,"href":"https:\/\/www.minowa.adv.br\/en\/wp-json\/wp\/v2\/users\/1"}],"replies":[{"embeddable":true,"href":"https:\/\/www.minowa.adv.br\/en\/wp-json\/wp\/v2\/comments?post=190"}],"version-history":[{"count":13,"href":"https:\/\/www.minowa.adv.br\/en\/wp-json\/wp\/v2\/pages\/190\/revisions"}],"predecessor-version":[{"id":212,"href":"https:\/\/www.minowa.adv.br\/en\/wp-json\/wp\/v2\/pages\/190\/revisions\/212"}],"wp:attachment":[{"href":"https:\/\/www.minowa.adv.br\/en\/wp-json\/wp\/v2\/media?parent=190"}],"curies":[{"name":"wp","href":"https:\/\/api.w.org\/{rel}","templated":true}]}}