{"id":137,"date":"2021-09-29T08:10:22","date_gmt":"2021-09-29T11:10:22","guid":{"rendered":"https:\/\/www.minowa.adv.br\/?page_id=137"},"modified":"2021-09-29T14:25:53","modified_gmt":"2021-09-29T17:25:53","slug":"area-de-atuacao","status":"publish","type":"page","link":"https:\/\/www.minowa.adv.br\/en\/area-de-atuacao\/","title":{"rendered":"Practice Areas"},"content":{"rendered":"<div data-elementor-type=\"wp-page\" data-elementor-id=\"137\" class=\"elementor elementor-137\">\n\t\t\t\t\t\t<section class=\"elementor-section elementor-top-section elementor-element elementor-element-5f67ef83 elementor-section-boxed elementor-section-height-default elementor-section-height-default\" data-id=\"5f67ef83\" data-element_type=\"section\" data-settings=\"{&quot;background_background&quot;:&quot;classic&quot;}\">\n\t\t\t\t\t\t<div class=\"elementor-container elementor-column-gap-default\">\n\t\t\t\t\t<div class=\"elementor-column elementor-col-50 elementor-top-column elementor-element elementor-element-6a4ef1bd\" data-id=\"6a4ef1bd\" data-element_type=\"column\">\n\t\t\t<div class=\"elementor-widget-wrap elementor-element-populated\">\n\t\t\t\t\t\t<div class=\"elementor-element elementor-element-49c64a17 elementor-widget elementor-widget-heading\" data-id=\"49c64a17\" data-element_type=\"widget\" data-widget_type=\"heading.default\">\n\t\t\t\t<div class=\"elementor-widget-container\">\n\t\t\t\t\t<h2 class=\"elementor-heading-title elementor-size-default\">Practice Areas<\/h2>\t\t\t\t<\/div>\n\t\t\t\t<\/div>\n\t\t\t\t\t<\/div>\n\t\t<\/div>\n\t\t\t\t<div class=\"elementor-column elementor-col-50 elementor-top-column elementor-element elementor-element-a9b6499\" data-id=\"a9b6499\" data-element_type=\"column\">\n\t\t\t<div class=\"elementor-widget-wrap elementor-element-populated\">\n\t\t\t\t\t\t\t<\/div>\n\t\t<\/div>\n\t\t\t\t\t<\/div>\n\t\t<\/section>\n\t\t\t\t<section class=\"elementor-section elementor-top-section elementor-element elementor-element-03a10ef elementor-section-boxed elementor-section-height-default elementor-section-height-default\" data-id=\"03a10ef\" data-element_type=\"section\">\n\t\t\t\t\t\t<div class=\"elementor-container elementor-column-gap-default\">\n\t\t\t\t\t<div class=\"elementor-column elementor-col-33 elementor-top-column elementor-element elementor-element-d7309de\" data-id=\"d7309de\" data-element_type=\"column\">\n\t\t\t<div class=\"elementor-widget-wrap elementor-element-populated\">\n\t\t\t\t\t\t<div class=\"elementor-element elementor-element-84f9041 elementor-widget elementor-widget-image\" data-id=\"84f9041\" data-element_type=\"widget\" data-widget_type=\"image.default\">\n\t\t\t\t<div class=\"elementor-widget-container\">\n\t\t\t\t\t\t\t\t\t\t\t\t\t\t\t<img decoding=\"async\" width=\"150\" height=\"150\" src=\"https:\/\/www.minowa.adv.br\/wp-content\/uploads\/2021\/09\/luz_thumb-150x150.png\" class=\"attachment-thumbnail size-thumbnail wp-image-143\" alt=\"\" srcset=\"https:\/\/www.minowa.adv.br\/wp-content\/uploads\/2021\/09\/luz_thumb-150x150.png 150w, https:\/\/www.minowa.adv.br\/wp-content\/uploads\/2021\/09\/luz_thumb.png 300w\" sizes=\"(max-width: 34.9rem) calc(100vw - 2rem), (max-width: 53rem) calc(8 * (100vw \/ 12)), (min-width: 53rem) calc(6 * (100vw \/ 12)), 100vw\" \/>\t\t\t\t\t\t\t\t\t\t\t\t\t\t\t<\/div>\n\t\t\t\t<\/div>\n\t\t\t\t<div class=\"elementor-element elementor-element-daff818 elementor-widget elementor-widget-text-editor\" data-id=\"daff818\" data-element_type=\"widget\" data-widget_type=\"text-editor.default\">\n\t\t\t\t<div class=\"elementor-widget-container\">\n\t\t\t\t\t\t\t\t\t<h3>PATENT<\/h3><p><a href=\"https:\/\/www.minowa.adv.br\/en\/patentes\/\">A patent is a temporary title granted by the State, which gives its holder (individual or legal entity) exclusivity over an invention...<\/a><\/p>\t\t\t\t\t\t\t\t<\/div>\n\t\t\t\t<\/div>\n\t\t\t\t\t<\/div>\n\t\t<\/div>\n\t\t\t\t<div class=\"elementor-column elementor-col-33 elementor-top-column elementor-element elementor-element-a79e7ce\" data-id=\"a79e7ce\" data-element_type=\"column\">\n\t\t\t<div class=\"elementor-widget-wrap elementor-element-populated\">\n\t\t\t\t\t\t<div class=\"elementor-element elementor-element-ca8199f elementor-widget elementor-widget-image\" data-id=\"ca8199f\" data-element_type=\"widget\" data-widget_type=\"image.default\">\n\t\t\t\t<div class=\"elementor-widget-container\">\n\t\t\t\t\t\t\t\t\t\t\t\t\t\t\t<img decoding=\"async\" width=\"150\" height=\"150\" src=\"https:\/\/www.minowa.adv.br\/wp-content\/uploads\/2021\/09\/registered_thumb-1-150x150.png\" class=\"attachment-thumbnail size-thumbnail wp-image-144\" alt=\"\" srcset=\"https:\/\/www.minowa.adv.br\/wp-content\/uploads\/2021\/09\/registered_thumb-1-150x150.png 150w, https:\/\/www.minowa.adv.br\/wp-content\/uploads\/2021\/09\/registered_thumb-1.png 300w\" sizes=\"(max-width: 34.9rem) calc(100vw - 2rem), (max-width: 53rem) calc(8 * (100vw \/ 12)), (min-width: 53rem) calc(6 * (100vw \/ 12)), 100vw\" \/>\t\t\t\t\t\t\t\t\t\t\t\t\t\t\t<\/div>\n\t\t\t\t<\/div>\n\t\t\t\t<div class=\"elementor-element elementor-element-036df8d elementor-widget elementor-widget-text-editor\" data-id=\"036df8d\" data-element_type=\"widget\" data-widget_type=\"text-editor.default\">\n\t\t\t\t<div class=\"elementor-widget-container\">\n\t\t\t\t\t\t\t\t\t<h3>TRADEMARK<\/h3><p><a href=\"https:\/\/www.minowa.adv.br\/en\/marcas\/\">A trademark is any visually perceptible distinctive sign whose purpose is to distinguish products and services...<\/a><\/p>\t\t\t\t\t\t\t\t<\/div>\n\t\t\t\t<\/div>\n\t\t\t\t\t<\/div>\n\t\t<\/div>\n\t\t\t\t<div class=\"elementor-column elementor-col-33 elementor-top-column elementor-element elementor-element-28003ab\" data-id=\"28003ab\" data-element_type=\"column\">\n\t\t\t<div class=\"elementor-widget-wrap elementor-element-populated\">\n\t\t\t\t\t\t<div class=\"elementor-element elementor-element-d2751e8 elementor-widget elementor-widget-image\" data-id=\"d2751e8\" data-element_type=\"widget\" data-widget_type=\"image.default\">\n\t\t\t\t<div class=\"elementor-widget-container\">\n\t\t\t\t\t\t\t\t\t\t\t\t\t\t\t<img decoding=\"async\" width=\"150\" height=\"150\" src=\"https:\/\/www.minowa.adv.br\/wp-content\/uploads\/2021\/09\/engrenagem_thumb-1-150x150.png\" class=\"attachment-thumbnail size-thumbnail wp-image-145\" alt=\"\" srcset=\"https:\/\/www.minowa.adv.br\/wp-content\/uploads\/2021\/09\/engrenagem_thumb-1-150x150.png 150w, https:\/\/www.minowa.adv.br\/wp-content\/uploads\/2021\/09\/engrenagem_thumb-1.png 300w\" sizes=\"(max-width: 34.9rem) calc(100vw - 2rem), (max-width: 53rem) calc(8 * (100vw \/ 12)), (min-width: 53rem) calc(6 * (100vw \/ 12)), 100vw\" \/>\t\t\t\t\t\t\t\t\t\t\t\t\t\t\t<\/div>\n\t\t\t\t<\/div>\n\t\t\t\t<div class=\"elementor-element elementor-element-2a61924 elementor-widget elementor-widget-text-editor\" data-id=\"2a61924\" data-element_type=\"widget\" data-widget_type=\"text-editor.default\">\n\t\t\t\t<div class=\"elementor-widget-container\">\n\t\t\t\t\t\t\t\t\t<h3>INDUSTRIAL DESIGN<\/h3><p><a href=\"https:\/\/www.minowa.adv.br\/en\/desenho-industrial\/\">Industrial Design is the ornamental plastic form of an object or the ornamental set of lines and colors that can be applied to a product...<\/a><\/p>\t\t\t\t\t\t\t\t<\/div>\n\t\t\t\t<\/div>\n\t\t\t\t\t<\/div>\n\t\t<\/div>\n\t\t\t\t\t<\/div>\n\t\t<\/section>\n\t\t\t\t<section class=\"elementor-section elementor-top-section elementor-element elementor-element-9e78aa7 elementor-section-boxed elementor-section-height-default elementor-section-height-default\" data-id=\"9e78aa7\" data-element_type=\"section\">\n\t\t\t\t\t\t<div class=\"elementor-container elementor-column-gap-default\">\n\t\t\t\t\t<div class=\"elementor-column elementor-col-33 elementor-top-column elementor-element elementor-element-6f03c57\" data-id=\"6f03c57\" data-element_type=\"column\">\n\t\t\t<div class=\"elementor-widget-wrap elementor-element-populated\">\n\t\t\t\t\t\t<div class=\"elementor-element elementor-element-cef64a7 elementor-widget elementor-widget-image\" data-id=\"cef64a7\" data-element_type=\"widget\" data-widget_type=\"image.default\">\n\t\t\t\t<div class=\"elementor-widget-container\">\n\t\t\t\t\t\t\t\t\t\t\t\t\t\t\t<img loading=\"lazy\" decoding=\"async\" width=\"150\" height=\"150\" src=\"https:\/\/www.minowa.adv.br\/wp-content\/uploads\/2021\/09\/earth_thumb-1-150x150.png\" class=\"attachment-thumbnail size-thumbnail wp-image-146\" alt=\"\" srcset=\"https:\/\/www.minowa.adv.br\/wp-content\/uploads\/2021\/09\/earth_thumb-1-150x150.png 150w, https:\/\/www.minowa.adv.br\/wp-content\/uploads\/2021\/09\/earth_thumb-1.png 300w\" sizes=\"(max-width: 34.9rem) calc(100vw - 2rem), (max-width: 53rem) calc(8 * (100vw \/ 12)), (min-width: 53rem) calc(6 * (100vw \/ 12)), 100vw\" \/>\t\t\t\t\t\t\t\t\t\t\t\t\t\t\t<\/div>\n\t\t\t\t<\/div>\n\t\t\t\t<div class=\"elementor-element elementor-element-0fd6655 elementor-widget elementor-widget-text-editor\" data-id=\"0fd6655\" data-element_type=\"widget\" data-widget_type=\"text-editor.default\">\n\t\t\t\t<div class=\"elementor-widget-container\">\n\t\t\t\t\t\t\t\t\t<h3>GEOGRAPHICAL INDICATION<\/h3><p><a href=\"https:\/\/www.minowa.adv.br\/en\/geograficas\/\">Geographical indication is the way of identifying a product or service as originating in a certain region due to its reputation...<\/a><\/p>\t\t\t\t\t\t\t\t<\/div>\n\t\t\t\t<\/div>\n\t\t\t\t\t<\/div>\n\t\t<\/div>\n\t\t\t\t<div class=\"elementor-column elementor-col-33 elementor-top-column elementor-element elementor-element-ff92c87\" data-id=\"ff92c87\" data-element_type=\"column\">\n\t\t\t<div class=\"elementor-widget-wrap elementor-element-populated\">\n\t\t\t\t\t\t<div class=\"elementor-element elementor-element-d0857e4 elementor-widget elementor-widget-image\" data-id=\"d0857e4\" data-element_type=\"widget\" data-widget_type=\"image.default\">\n\t\t\t\t<div class=\"elementor-widget-container\">\n\t\t\t\t\t\t\t\t\t\t\t\t\t\t\t<img loading=\"lazy\" decoding=\"async\" width=\"150\" height=\"150\" src=\"https:\/\/www.minowa.adv.br\/wp-content\/uploads\/2021\/09\/copyright_thumb-1-150x150.png\" class=\"attachment-thumbnail size-thumbnail wp-image-147\" alt=\"\" srcset=\"https:\/\/www.minowa.adv.br\/wp-content\/uploads\/2021\/09\/copyright_thumb-1-150x150.png 150w, https:\/\/www.minowa.adv.br\/wp-content\/uploads\/2021\/09\/copyright_thumb-1.png 300w\" sizes=\"(max-width: 34.9rem) calc(100vw - 2rem), (max-width: 53rem) calc(8 * (100vw \/ 12)), (min-width: 53rem) calc(6 * (100vw \/ 12)), 100vw\" \/>\t\t\t\t\t\t\t\t\t\t\t\t\t\t\t<\/div>\n\t\t\t\t<\/div>\n\t\t\t\t<div class=\"elementor-element elementor-element-301e423 elementor-widget elementor-widget-text-editor\" data-id=\"301e423\" data-element_type=\"widget\" data-widget_type=\"text-editor.default\">\n\t\t\t\t<div class=\"elementor-widget-container\">\n\t\t\t\t\t\t\t\t\t<h3>COPYRIGHT<\/h3><p><a href=\"https:\/\/www.minowa.adv.br\/en\/direitos-autorais\/\">Copyright is related to the protection of the creations of the human intellect, expressed by any means or fixed in any support...<\/a><\/p>\t\t\t\t\t\t\t\t<\/div>\n\t\t\t\t<\/div>\n\t\t\t\t\t<\/div>\n\t\t<\/div>\n\t\t\t\t<div class=\"elementor-column elementor-col-33 elementor-top-column elementor-element elementor-element-7a54833\" data-id=\"7a54833\" data-element_type=\"column\">\n\t\t\t<div class=\"elementor-widget-wrap elementor-element-populated\">\n\t\t\t\t\t\t<div class=\"elementor-element elementor-element-371fd4f elementor-widget elementor-widget-image\" data-id=\"371fd4f\" data-element_type=\"widget\" data-widget_type=\"image.default\">\n\t\t\t\t<div class=\"elementor-widget-container\">\n\t\t\t\t\t\t\t\t\t\t\t\t\t\t\t<img loading=\"lazy\" decoding=\"async\" width=\"150\" height=\"150\" src=\"https:\/\/www.minowa.adv.br\/wp-content\/uploads\/2021\/09\/hd_thumb-1-150x150.png\" class=\"attachment-thumbnail size-thumbnail wp-image-148\" alt=\"\" srcset=\"https:\/\/www.minowa.adv.br\/wp-content\/uploads\/2021\/09\/hd_thumb-1-150x150.png 150w, https:\/\/www.minowa.adv.br\/wp-content\/uploads\/2021\/09\/hd_thumb-1.png 300w\" sizes=\"(max-width: 34.9rem) calc(100vw - 2rem), (max-width: 53rem) calc(8 * (100vw \/ 12)), (min-width: 53rem) calc(6 * (100vw \/ 12)), 100vw\" \/>\t\t\t\t\t\t\t\t\t\t\t\t\t\t\t<\/div>\n\t\t\t\t<\/div>\n\t\t\t\t<div class=\"elementor-element elementor-element-b8a46de elementor-widget elementor-widget-text-editor\" data-id=\"b8a46de\" data-element_type=\"widget\" data-widget_type=\"text-editor.default\">\n\t\t\t\t<div class=\"elementor-widget-container\">\n\t\t\t\t\t\t\t\t\t<h3>COMPUTER PROGRAM COPYRIGHT<\/h3><p><a href=\"https:\/\/www.minowa.adv.br\/en\/software\/\">The protection regime for the computer program is that of copyright, applying the same rights granted to literary works...<\/a><\/p>\t\t\t\t\t\t\t\t<\/div>\n\t\t\t\t<\/div>\n\t\t\t\t\t<\/div>\n\t\t<\/div>\n\t\t\t\t\t<\/div>\n\t\t<\/section>\n\t\t\t\t<section class=\"elementor-section elementor-top-section elementor-element elementor-element-d8e0768 elementor-section-boxed elementor-section-height-default elementor-section-height-default\" data-id=\"d8e0768\" data-element_type=\"section\">\n\t\t\t\t\t\t<div class=\"elementor-container elementor-column-gap-default\">\n\t\t\t\t\t<div class=\"elementor-column elementor-col-33 elementor-top-column elementor-element elementor-element-b40ac8d\" data-id=\"b40ac8d\" data-element_type=\"column\">\n\t\t\t<div class=\"elementor-widget-wrap elementor-element-populated\">\n\t\t\t\t\t\t<div class=\"elementor-element elementor-element-1788d8f elementor-widget elementor-widget-image\" data-id=\"1788d8f\" data-element_type=\"widget\" data-widget_type=\"image.default\">\n\t\t\t\t<div class=\"elementor-widget-container\">\n\t\t\t\t\t\t\t\t\t\t\t\t\t\t\t<img loading=\"lazy\" decoding=\"async\" width=\"150\" height=\"150\" src=\"https:\/\/www.minowa.adv.br\/wp-content\/uploads\/2021\/09\/cadeado_thumb-150x150.png\" class=\"attachment-thumbnail size-thumbnail wp-image-149\" alt=\"\" srcset=\"https:\/\/www.minowa.adv.br\/wp-content\/uploads\/2021\/09\/cadeado_thumb-150x150.png 150w, https:\/\/www.minowa.adv.br\/wp-content\/uploads\/2021\/09\/cadeado_thumb.png 300w\" sizes=\"(max-width: 34.9rem) calc(100vw - 2rem), (max-width: 53rem) calc(8 * (100vw \/ 12)), (min-width: 53rem) calc(6 * (100vw \/ 12)), 100vw\" \/>\t\t\t\t\t\t\t\t\t\t\t\t\t\t\t<\/div>\n\t\t\t\t<\/div>\n\t\t\t\t<div class=\"elementor-element elementor-element-ef3eec9 elementor-widget elementor-widget-text-editor\" data-id=\"ef3eec9\" data-element_type=\"widget\" data-widget_type=\"text-editor.default\">\n\t\t\t\t<div class=\"elementor-widget-container\">\n\t\t\t\t\t\t\t\t\t<h3>DATA PRIVACY AND PROTECTION<\/h3><p><a href=\"https:\/\/www.minowa.adv.br\/en\/lgpd\/\">The General Law for Protection of Personal Data (LGPD) establishes rules for the use, collection, storage and sharing of personal data...<\/a><\/p>\t\t\t\t\t\t\t\t<\/div>\n\t\t\t\t<\/div>\n\t\t\t\t\t<\/div>\n\t\t<\/div>\n\t\t\t\t<div class=\"elementor-column elementor-col-33 elementor-top-column elementor-element elementor-element-18e8ebc\" data-id=\"18e8ebc\" data-element_type=\"column\">\n\t\t\t<div class=\"elementor-widget-wrap\">\n\t\t\t\t\t\t\t<\/div>\n\t\t<\/div>\n\t\t\t\t<div class=\"elementor-column elementor-col-33 elementor-top-column elementor-element elementor-element-3725420\" data-id=\"3725420\" data-element_type=\"column\">\n\t\t\t<div class=\"elementor-widget-wrap\">\n\t\t\t\t\t\t\t<\/div>\n\t\t<\/div>\n\t\t\t\t\t<\/div>\n\t\t<\/section>\n\t\t\t\t<\/div>","protected":false},"excerpt":{"rendered":"<p>\u00c1rea de Atua\u00e7\u00e3o PATENTES Patente \u00e9 um t\u00edtulo tempor\u00e1rio concedido pelo Estado, que d\u00e1 ao seu titular (pessoa f\u00edsica ou jur\u00eddica) a exclusividade sobre uma inven\u00e7\u00e3o\u2026 MARCAS Marca \u00e9 todo sinal distintivo visualmente percept\u00edvel que tem como finalidade distinguir produtos e servi\u00e7os\u2026 DESENHO INDUSTRIAL Desenho Industrial \u00e9 a forma pl\u00e1stica ornamental de um objeto ou &hellip; <\/p>\n<p class=\"link-more\"><a href=\"https:\/\/www.minowa.adv.br\/en\/area-de-atuacao\/\" class=\"more-link\">Continue reading<span class=\"screen-reader-text\"> &#8220;\u00c1rea de Atua\u00e7\u00e3o&#8221;<\/span><\/a><\/p>","protected":false},"author":1,"featured_media":0,"parent":0,"menu_order":0,"comment_status":"closed","ping_status":"closed","template":"elementor_header_footer","meta":{"footnotes":""},"class_list":["post-137","page","type-page","status-publish","hentry","entry"],"_links":{"self":[{"href":"https:\/\/www.minowa.adv.br\/en\/wp-json\/wp\/v2\/pages\/137","targetHints":{"allow":["GET"]}}],"collection":[{"href":"https:\/\/www.minowa.adv.br\/en\/wp-json\/wp\/v2\/pages"}],"about":[{"href":"https:\/\/www.minowa.adv.br\/en\/wp-json\/wp\/v2\/types\/page"}],"author":[{"embeddable":true,"href":"https:\/\/www.minowa.adv.br\/en\/wp-json\/wp\/v2\/users\/1"}],"replies":[{"embeddable":true,"href":"https:\/\/www.minowa.adv.br\/en\/wp-json\/wp\/v2\/comments?post=137"}],"version-history":[{"count":11,"href":"https:\/\/www.minowa.adv.br\/en\/wp-json\/wp\/v2\/pages\/137\/revisions"}],"predecessor-version":[{"id":370,"href":"https:\/\/www.minowa.adv.br\/en\/wp-json\/wp\/v2\/pages\/137\/revisions\/370"}],"wp:attachment":[{"href":"https:\/\/www.minowa.adv.br\/en\/wp-json\/wp\/v2\/media?parent=137"}],"curies":[{"name":"wp","href":"https:\/\/api.w.org\/{rel}","templated":true}]}}