{"id":123,"date":"2021-09-29T07:24:58","date_gmt":"2021-09-29T10:24:58","guid":{"rendered":"https:\/\/www.minowa.adv.br\/?page_id=123"},"modified":"2021-09-29T08:05:37","modified_gmt":"2021-09-29T11:05:37","slug":"quem-somos","status":"publish","type":"page","link":"https:\/\/www.minowa.adv.br\/en\/quem-somos\/","title":{"rendered":"About Us"},"content":{"rendered":"<div data-elementor-type=\"wp-page\" data-elementor-id=\"123\" class=\"elementor elementor-123\">\n\t\t\t\t\t\t<section class=\"elementor-section elementor-top-section elementor-element elementor-element-1b1d112 elementor-section-boxed elementor-section-height-default elementor-section-height-default\" data-id=\"1b1d112\" data-element_type=\"section\" data-settings=\"{&quot;background_background&quot;:&quot;classic&quot;}\">\n\t\t\t\t\t\t<div class=\"elementor-container elementor-column-gap-default\">\n\t\t\t\t\t<div class=\"elementor-column elementor-col-50 elementor-top-column elementor-element elementor-element-7144260\" data-id=\"7144260\" data-element_type=\"column\">\n\t\t\t<div class=\"elementor-widget-wrap elementor-element-populated\">\n\t\t\t\t\t\t<div class=\"elementor-element elementor-element-3d4cbdb elementor-widget elementor-widget-heading\" data-id=\"3d4cbdb\" data-element_type=\"widget\" data-widget_type=\"heading.default\">\n\t\t\t\t<div class=\"elementor-widget-container\">\n\t\t\t\t\t<h2 class=\"elementor-heading-title elementor-size-default\">About Us<\/h2>\t\t\t\t<\/div>\n\t\t\t\t<\/div>\n\t\t\t\t\t<\/div>\n\t\t<\/div>\n\t\t\t\t<div class=\"elementor-column elementor-col-50 elementor-top-column elementor-element elementor-element-9ad8d81\" data-id=\"9ad8d81\" data-element_type=\"column\">\n\t\t\t<div class=\"elementor-widget-wrap elementor-element-populated\">\n\t\t\t\t\t\t\t<\/div>\n\t\t<\/div>\n\t\t\t\t\t<\/div>\n\t\t<\/section>\n\t\t\t\t<section class=\"elementor-section elementor-top-section elementor-element elementor-element-231d1be elementor-section-boxed elementor-section-height-default elementor-section-height-default\" data-id=\"231d1be\" data-element_type=\"section\">\n\t\t\t\t\t\t<div class=\"elementor-container elementor-column-gap-default\">\n\t\t\t\t\t<div class=\"elementor-column elementor-col-50 elementor-top-column elementor-element elementor-element-da9ac3c\" data-id=\"da9ac3c\" data-element_type=\"column\">\n\t\t\t<div class=\"elementor-widget-wrap elementor-element-populated\">\n\t\t\t\t\t\t<div class=\"elementor-element elementor-element-ad770f3 elementor-widget elementor-widget-text-editor\" data-id=\"ad770f3\" data-element_type=\"widget\" data-widget_type=\"text-editor.default\">\n\t\t\t\t<div class=\"elementor-widget-container\">\n\t\t\t\t\t\t\t\t\t<p>MINOWA ADVOCACIA started its activities in 2002 serving companies residing in technology-based incubators, university researchers and entrepreneurs, in the intellectual property, technology contracts and project management areas.<\/p><p>For many years, the office's founders coordinated intellectual property and technology transfer activities in business incubators, in addition to delivering courses and lectures at universities, which provided them with vast experience in these areas.<\/p>\t\t\t\t\t\t\t\t<\/div>\n\t\t\t\t<\/div>\n\t\t\t\t\t<\/div>\n\t\t<\/div>\n\t\t\t\t<div class=\"elementor-column elementor-col-50 elementor-top-column elementor-element elementor-element-ea622c2\" data-id=\"ea622c2\" data-element_type=\"column\">\n\t\t\t<div class=\"elementor-widget-wrap elementor-element-populated\">\n\t\t\t\t\t\t<div class=\"elementor-element elementor-element-aa31d3a elementor-widget elementor-widget-text-editor\" data-id=\"aa31d3a\" data-element_type=\"widget\" data-widget_type=\"text-editor.default\">\n\t\t\t\t<div class=\"elementor-widget-container\">\n\t\t\t\t\t\t\t\t\t<p>Currently, our office works in the business law area, with an emphasis on intellectual property. Our services range from contracts, measures to protect data and confidential information, personal data privacy and protection, clamp down on unfair competition and action in legal proceedings involving intellectual property.<\/p><p>Our goal is to identify the needs and develop quality legal solutions for our clients, enabling them to make safe decisions.<\/p>\t\t\t\t\t\t\t\t<\/div>\n\t\t\t\t<\/div>\n\t\t\t\t\t<\/div>\n\t\t<\/div>\n\t\t\t\t\t<\/div>\n\t\t<\/section>\n\t\t\t\t<\/div>","protected":false},"excerpt":{"rendered":"<p>Quem Somos A MINOWA ADVOCACIA iniciou suas atividades em 2002 atendendo empresas residentes em incubadoras de base tecnol\u00f3gica, pesquisadores de universidades e empreendedores, nas \u00e1reas de propriedade intelectual, contratos e gest\u00e3o de projetos. Durante muitos anos, os fundadores do escrit\u00f3rio coordenaram as atividades de propriedade intelectual e transfer\u00eancia de tecnologia em incubadoras de empresas, al\u00e9m &hellip; <\/p>\n<p class=\"link-more\"><a href=\"https:\/\/www.minowa.adv.br\/en\/quem-somos\/\" class=\"more-link\">Continue reading<span class=\"screen-reader-text\"> &#8220;Quem Somos&#8221;<\/span><\/a><\/p>","protected":false},"author":1,"featured_media":0,"parent":0,"menu_order":0,"comment_status":"closed","ping_status":"closed","template":"elementor_header_footer","meta":{"footnotes":""},"class_list":["post-123","page","type-page","status-publish","hentry","entry"],"_links":{"self":[{"href":"https:\/\/www.minowa.adv.br\/en\/wp-json\/wp\/v2\/pages\/123","targetHints":{"allow":["GET"]}}],"collection":[{"href":"https:\/\/www.minowa.adv.br\/en\/wp-json\/wp\/v2\/pages"}],"about":[{"href":"https:\/\/www.minowa.adv.br\/en\/wp-json\/wp\/v2\/types\/page"}],"author":[{"embeddable":true,"href":"https:\/\/www.minowa.adv.br\/en\/wp-json\/wp\/v2\/users\/1"}],"replies":[{"embeddable":true,"href":"https:\/\/www.minowa.adv.br\/en\/wp-json\/wp\/v2\/comments?post=123"}],"version-history":[{"count":10,"href":"https:\/\/www.minowa.adv.br\/en\/wp-json\/wp\/v2\/pages\/123\/revisions"}],"predecessor-version":[{"id":136,"href":"https:\/\/www.minowa.adv.br\/en\/wp-json\/wp\/v2\/pages\/123\/revisions\/136"}],"wp:attachment":[{"href":"https:\/\/www.minowa.adv.br\/en\/wp-json\/wp\/v2\/media?parent=123"}],"curies":[{"name":"wp","href":"https:\/\/api.w.org\/{rel}","templated":true}]}}